{"id":14,"date":"2021-12-04T20:33:23","date_gmt":"2021-12-04T20:33:23","guid":{"rendered":"http:\/\/enki-coaching.com\/?page_id=14"},"modified":"2022-03-17T13:59:22","modified_gmt":"2022-03-17T13:59:22","slug":"home","status":"publish","type":"page","link":"https:\/\/enki-coaching.com\/fr\/","title":{"rendered":"Home"},"content":{"rendered":"<p>[et_pb_section fb_built=&#8221;1&#8243; fullwidth=&#8221;on&#8221; _builder_version=&#8221;4.13.1&#8243; _module_preset=&#8221;default&#8221; background_enable_image=&#8221;off&#8221; custom_padding=&#8221;||||false|false&#8221; global_colors_info=&#8221;{}&#8221;][et_pb_fullwidth_header title=&#8221;ENKI COACHING&#8221; header_fullscreen=&#8221;on&#8221; _builder_version=&#8221;4.13.1&#8243; _module_preset=&#8221;default&#8221; title_font_size=&#8221;56px&#8221; content_text_align=&#8221;center&#8221; background_enable_color=&#8221;off&#8221; use_background_color_gradient=&#8221;on&#8221; background_color_gradient_start=&#8221;rgba(0,0,0,0.34)&#8221; background_color_gradient_end=&#8221;rgba(0,0,0,0.47)&#8221; background_image=&#8221;http:\/\/enki-coaching.com\/wp-content\/uploads\/2021\/12\/Enki-Coaching-64-scaled.jpg&#8221; background_blend=&#8221;overlay&#8221; custom_button_one=&#8221;on&#8221; button_one_letter_spacing=&#8221;1px&#8221; button_one_font=&#8221;|||on|||||&#8221; custom_button_two=&#8221;on&#8221; max_width=&#8221;100%&#8221; module_alignment=&#8221;center&#8221; height=&#8221;100vh&#8221; custom_padding=&#8221;||||true|false&#8221; title_font_size_tablet=&#8221;45px&#8221; title_font_size_phone=&#8221;35px&#8221; title_font_size_last_edited=&#8221;on|phone&#8221; global_colors_info=&#8221;{}&#8221;][\/et_pb_fullwidth_header][\/et_pb_section][et_pb_section fb_built=&#8221;1&#8243; _builder_version=&#8221;4.13.1&#8243; _module_preset=&#8221;default&#8221; background_color=&#8221;#18121e&#8221; locked=&#8221;off&#8221; global_colors_info=&#8221;{}&#8221;][et_pb_row _builder_version=&#8221;4.13.1&#8243; _module_preset=&#8221;default&#8221; global_colors_info=&#8221;{}&#8221;][et_pb_column type=&#8221;4_4&#8243; _builder_version=&#8221;4.13.1&#8243; _module_preset=&#8221;default&#8221; global_colors_info=&#8221;{}&#8221;][et_pb_text _builder_version=&#8221;4.13.1&#8243; _module_preset=&#8221;default&#8221; text_font=&#8221;||on||||||&#8221; header_3_font=&#8221;Poppins||||||||&#8221; header_3_text_align=&#8221;center&#8221; header_3_text_color=&#8221;#FFFFFF&#8221; global_colors_info=&#8221;{}&#8221;]<\/p>\n<h3><span style=\"font-weight: 400;\">Venez r\u00e9v\u00e9ler votre plein potentiel !<\/span><\/h3>\n<p>[\/et_pb_text][\/et_pb_column][\/et_pb_row][et_pb_row column_structure=&#8221;1_3,1_3,1_3&#8243; _builder_version=&#8221;4.13.1&#8243; _module_preset=&#8221;default&#8221; scroll_fade_enable=&#8221;on&#8221; motion_trigger_start=&#8221;top&#8221; locked=&#8221;off&#8221; global_colors_info=&#8221;{}&#8221;][et_pb_column type=&#8221;1_3&#8243; _builder_version=&#8221;4.13.1&#8243; _module_preset=&#8221;default&#8221; global_colors_info=&#8221;{}&#8221;][et_pb_text _builder_version=&#8221;4.13.1&#8243; _module_preset=&#8221;default&#8221; header_font=&#8221;|||on|||||&#8221; header_text_align=&#8221;center&#8221; header_3_font=&#8221;Josefin Sans|600||on|||||&#8221; header_3_text_align=&#8221;center&#8221; header_3_text_color=&#8221;#ffffff&#8221; header_3_font_size=&#8221;25px&#8221; use_background_color_gradient=&#8221;on&#8221; background_color_gradient_start=&#8221;rgba(0,0,0,0.55)&#8221; background_color_gradient_end=&#8221;rgba(0,0,0,0.58)&#8221; background_image=&#8221;http:\/\/enki-coaching.com\/wp-content\/uploads\/2021\/12\/Enki-Coaching-70-scaled.jpg&#8221; background_blend=&#8221;overlay&#8221; custom_padding=&#8221;30%|10%|30%|10%|false|false&#8221; hover_transition_delay=&#8221;100ms&#8221; hover_enabled=&#8221;0&#8243; global_colors_info=&#8221;{}&#8221; header_3_line_height=&#8221;1.3em&#8221; sticky_enabled=&#8221;0&#8243;]<\/p>\n<h3>FREEDIVING COACHING<\/h3>\n<p>[\/et_pb_text][et_pb_text _builder_version=&#8221;4.13.1&#8243; _module_preset=&#8221;default&#8221; text_font=&#8221;Poppins|600|||||||&#8221; text_text_color=&#8221;#FFFFFF&#8221; text_line_height=&#8221;1.3em&#8221; global_colors_info=&#8221;{}&#8221;]<\/p>\n<p style=\"text-align: center;\"><span style=\"font-weight: 400;\">Cours AIDA tous niveaux, de AIDA1 \u00e0 l'Instructeur AIDA.<\/span><\/p>\n<p style=\"text-align: center;\"><span style=\"font-weight: 400;\">Coaching en personne<\/span><\/p>\n<p style=\"text-align: center;\"><span style=\"font-weight: 400;\">Coaching en ligne \u2013 sessions unitaires d'1h<\/span><\/p>\n<p style=\"text-align: center;\"><span style=\"font-weight: 400;\">Coaching en ligne \u2013 programmes long terme (1 mois ou plus)<\/span><\/p>\n<p>[\/et_pb_text][et_pb_button button_url=&#8221;http:\/\/enki-coaching.com\/coaching-services\/freediving-coaching\/&#8221; button_text=&#8221;MORE INFO&#8221; button_alignment=&#8221;center&#8221; _builder_version=&#8221;4.13.1&#8243; _module_preset=&#8221;default&#8221; custom_button=&#8221;on&#8221; button_text_size=&#8221;16px&#8221; button_text_color=&#8221;#eac67a&#8221; button_bg_color=&#8221;#984843&#8243; button_border_width=&#8221;2px&#8221; button_border_color=&#8221;RGBA(0,0,0,0)&#8221; button_border_radius=&#8221;100px&#8221; button_letter_spacing=&#8221;2px&#8221; button_font=&#8221;Poppins|600||on|||||&#8221; background_layout=&#8221;dark&#8221; global_colors_info=&#8221;{}&#8221;][\/et_pb_button][\/et_pb_column][et_pb_column type=&#8221;1_3&#8243; _builder_version=&#8221;4.13.1&#8243; _module_preset=&#8221;default&#8221; global_colors_info=&#8221;{}&#8221;][et_pb_text _builder_version=&#8221;4.13.1&#8243; _module_preset=&#8221;default&#8221; header_font=&#8221;|||on|||||&#8221; header_text_align=&#8221;center&#8221; header_3_font=&#8221;Josefin Sans|600||on|||||&#8221; header_3_text_align=&#8221;center&#8221; header_3_text_color=&#8221;#ffffff&#8221; header_3_font_size=&#8221;25px&#8221; use_background_color_gradient=&#8221;on&#8221; background_color_gradient_start=&#8221;rgba(0,0,0,0.55)&#8221; background_color_gradient_end=&#8221;rgba(0,0,0,0.58)&#8221; background_image=&#8221;http:\/\/enki-coaching.com\/wp-content\/uploads\/2021\/12\/Enki-Coaching-83-scaled.jpg&#8221; background_blend=&#8221;overlay&#8221; custom_padding=&#8221;30%||30%|10%|false|false&#8221; hover_enabled=&#8221;0&#8243; global_colors_info=&#8221;{}&#8221; header_3_line_height=&#8221;1.3em&#8221; sticky_enabled=&#8221;0&#8243;]<\/p>\n<h3>SPORTS MENTAL COACHING<\/h3>\n<p>[\/et_pb_text][et_pb_text _builder_version=&#8221;4.13.1&#8243; _module_preset=&#8221;default&#8221; text_font=&#8221;Poppins|600|||||||&#8221; text_text_color=&#8221;#FFFFFF&#8221; text_line_height=&#8221;1.3em&#8221; global_colors_info=&#8221;{}&#8221;]<\/p>\n<p style=\"text-align: center;\"><span style=\"font-weight: 400;\">Pour sportifs individuels ou \u00e9quipes.\u00a0<\/span><\/p>\n<p style=\"text-align: center;\"><span style=\"font-weight: 400;\">En personne ou en ligne.<\/span><\/p>\n<p style=\"text-align: center;\"><span style=\"font-weight: 400;\">D\u00e9finition d'objectifs, motivation, anxi\u00e9t\u00e9 face \u00e0 la performance, stress de comp\u00e9tition, g\u00e9rer la d\u00e9faite ou les blessures, visualisation, ancrage, discours int\u00e9rieur, auto-sabotage, focus, flow, peur de rater\/r\u00e9ussir...<\/span><\/p>\n<p>[\/et_pb_text][et_pb_button button_url=&#8221;http:\/\/enki-coaching.com\/coaching-services\/sports-mental-coaching\/&#8221; button_text=&#8221;MORE INFO&#8221; button_alignment=&#8221;center&#8221; _builder_version=&#8221;4.13.1&#8243; _module_preset=&#8221;default&#8221; custom_button=&#8221;on&#8221; button_text_size=&#8221;16px&#8221; button_text_color=&#8221;#eac67a&#8221; button_bg_color=&#8221;#984843&#8243; button_border_width=&#8221;2px&#8221; button_border_color=&#8221;RGBA(0,0,0,0)&#8221; button_border_radius=&#8221;100px&#8221; button_letter_spacing=&#8221;2px&#8221; button_font=&#8221;Poppins|600||on|||||&#8221; background_layout=&#8221;dark&#8221; global_colors_info=&#8221;{}&#8221;][\/et_pb_button][\/et_pb_column][et_pb_column type=&#8221;1_3&#8243; _builder_version=&#8221;4.13.1&#8243; _module_preset=&#8221;default&#8221; global_colors_info=&#8221;{}&#8221;][et_pb_text _builder_version=&#8221;4.13.1&#8243; _module_preset=&#8221;default&#8221; header_font=&#8221;|||on|||||&#8221; header_text_align=&#8221;center&#8221; header_3_font=&#8221;Josefin Sans|600||on|||||&#8221; header_3_text_align=&#8221;center&#8221; header_3_text_color=&#8221;#ffffff&#8221; header_3_font_size=&#8221;25px&#8221; use_background_color_gradient=&#8221;on&#8221; background_color_gradient_start=&#8221;rgba(0,0,0,0.55)&#8221; background_color_gradient_end=&#8221;rgba(0,0,0,0.58)&#8221; background_image=&#8221;http:\/\/enki-coaching.com\/wp-content\/uploads\/2021\/12\/Enki-Coaching-74-scaled.jpg&#8221; background_blend=&#8221;overlay&#8221; custom_padding=&#8221;30%|10%|30%|10%|false|false&#8221; hover_enabled=&#8221;0&#8243; global_colors_info=&#8221;{}&#8221; header_3_line_height=&#8221;1.3em&#8221; sticky_enabled=&#8221;0&#8243;]<\/p>\n<h3>CORPORATE COACHING<\/h3>\n<p>[\/et_pb_text][et_pb_text _builder_version=&#8221;4.13.1&#8243; _module_preset=&#8221;default&#8221; text_font=&#8221;Poppins|600|||||||&#8221; text_text_color=&#8221;#FFFFFF&#8221; text_line_height=&#8221;1.3em&#8221; global_colors_info=&#8221;{}&#8221;]<\/p>\n<p style=\"text-align: center;\"><span style=\"font-weight: 400;\">Conf\u00e9rences et ateliers sur la gestion du stress, la d\u00e9finition d'objectifs et la performance : ce que j'ai appris pendant 10 ans en tant qu'apn\u00e9iste comp\u00e9titrice de haut niveau.<\/span><\/p>\n<p style=\"text-align: center;\"><span style=\"font-weight: 400;\">Sessions par groupe ou en individuel : outils et techniques pratiques pour la gestion du stress et une meilleure confiance en soi pour la performance au travail. <\/span><\/p>\n<p>[\/et_pb_text][et_pb_button button_url=&#8221;http:\/\/enki-coaching.com\/coaching-services\/corporate-personal-coaching\/&#8221; button_text=&#8221;MORE INFO&#8221; button_alignment=&#8221;center&#8221; _builder_version=&#8221;4.13.1&#8243; _module_preset=&#8221;default&#8221; custom_button=&#8221;on&#8221; button_text_size=&#8221;16px&#8221; button_text_color=&#8221;#eac67a&#8221; button_bg_color=&#8221;#984843&#8243; button_border_width=&#8221;2px&#8221; button_border_color=&#8221;RGBA(0,0,0,0)&#8221; button_border_radius=&#8221;100px&#8221; button_letter_spacing=&#8221;2px&#8221; button_font=&#8221;Poppins|600||on|||||&#8221; background_layout=&#8221;dark&#8221; global_colors_info=&#8221;{}&#8221;][\/et_pb_button][\/et_pb_column][\/et_pb_row][\/et_pb_section]<\/p>","protected":false},"excerpt":{"rendered":"<p>Helping you unlock your full potential!FREEDIVING COACHINGAll AIDA course levels from AIDA1 to AIDA Instructor In-person coaching Online coaching &#8211; individual 1h sessions Online coaching- long-term coaching programs (1 month or more)SPORTS MENTAL COACHINGFor teams or individuals.\u00a0 In-person or online. Goal-setting, motivation, performance anxiety, competition nerves, dealing with failure or injury, visualization, anchoring, inner-talk, self-sabotage, [&hellip;]<\/p>","protected":false},"author":1,"featured_media":0,"parent":0,"menu_order":0,"comment_status":"closed","ping_status":"closed","template":"","meta":{"_et_pb_use_builder":"on","_et_pb_old_content":"","_et_gb_content_width":"","footnotes":""},"_links":{"self":[{"href":"https:\/\/enki-coaching.com\/fr\/wp-json\/wp\/v2\/pages\/14"}],"collection":[{"href":"https:\/\/enki-coaching.com\/fr\/wp-json\/wp\/v2\/pages"}],"about":[{"href":"https:\/\/enki-coaching.com\/fr\/wp-json\/wp\/v2\/types\/page"}],"author":[{"embeddable":true,"href":"https:\/\/enki-coaching.com\/fr\/wp-json\/wp\/v2\/users\/1"}],"replies":[{"embeddable":true,"href":"https:\/\/enki-coaching.com\/fr\/wp-json\/wp\/v2\/comments?post=14"}],"version-history":[{"count":14,"href":"https:\/\/enki-coaching.com\/fr\/wp-json\/wp\/v2\/pages\/14\/revisions"}],"predecessor-version":[{"id":494,"href":"https:\/\/enki-coaching.com\/fr\/wp-json\/wp\/v2\/pages\/14\/revisions\/494"}],"wp:attachment":[{"href":"https:\/\/enki-coaching.com\/fr\/wp-json\/wp\/v2\/media?parent=14"}],"curies":[{"name":"wp","href":"https:\/\/api.w.org\/{rel}","templated":true}]}}