{"id":226,"date":"2021-12-15T00:50:12","date_gmt":"2021-12-15T00:50:12","guid":{"rendered":"http:\/\/enki-coaching.com\/?page_id=226"},"modified":"2021-12-25T01:53:26","modified_gmt":"2021-12-25T01:53:26","slug":"corporate-personal-coaching","status":"publish","type":"page","link":"https:\/\/enki-coaching.com\/fr\/coaching-services\/corporate-personal-coaching\/","title":{"rendered":"COACHING ENTREPRISE"},"content":{"rendered":"<p>[et_pb_section fb_built=&#8221;1&#8243; fullwidth=&#8221;on&#8221; _builder_version=&#8221;4.13.1&#8243; _module_preset=&#8221;default&#8221; background_enable_image=&#8221;off&#8221; custom_padding=&#8221;||||false|false&#8221; global_colors_info=&#8221;{}&#8221;][et_pb_fullwidth_header title=&#8221;CORPORATE &#038; PERSONAL COACHING&#8221; text_orientation=&#8221;center&#8221; header_fullscreen=&#8221;on&#8221; _builder_version=&#8221;4.13.1&#8243; _module_preset=&#8221;default&#8221; title_font_size=&#8221;56px&#8221; content_text_align=&#8221;center&#8221; background_enable_color=&#8221;off&#8221; use_background_color_gradient=&#8221;on&#8221; background_color_gradient_start=&#8221;rgba(0,0,0,0.34)&#8221; background_color_gradient_end=&#8221;rgba(0,0,0,0.47)&#8221; background_image=&#8221;http:\/\/enki-coaching.com\/wp-content\/uploads\/2021\/12\/Enki-Coaching-78-scaled.jpg&#8221; background_blend=&#8221;overlay&#8221; custom_button_one=&#8221;on&#8221; button_one_border_width=&#8221;0px&#8221; button_one_border_color=&#8221;RGBA(0,0,0,0)&#8221; button_one_border_radius=&#8221;0px&#8221; button_one_letter_spacing=&#8221;0px&#8221; button_one_font=&#8221;||||||||&#8221; button_one_icon=&#8221;&#x33;||divi||400&#8243; button_one_on_hover=&#8221;off&#8221; custom_button_two=&#8221;on&#8221; max_width=&#8221;100%&#8221; module_alignment=&#8221;center&#8221; custom_padding=&#8221;6.5%||6.5%||true|false&#8221; title_font_size_tablet=&#8221;45px&#8221; title_font_size_phone=&#8221;35px&#8221; title_font_size_last_edited=&#8221;on|phone&#8221; global_colors_info=&#8221;{}&#8221;][\/et_pb_fullwidth_header][\/et_pb_section][et_pb_section fb_built=&#8221;1&#8243; _builder_version=&#8221;4.13.1&#8243; _module_preset=&#8221;default&#8221; background_color=&#8221;#18121e&#8221; locked=&#8221;off&#8221; global_colors_info=&#8221;{}&#8221;][et_pb_row _builder_version=&#8221;4.13.1&#8243; _module_preset=&#8221;default&#8221; scroll_fade_enable=&#8221;on&#8221; motion_trigger_start=&#8221;top&#8221; global_colors_info=&#8221;{}&#8221;][et_pb_column type=&#8221;4_4&#8243; _builder_version=&#8221;4.13.1&#8243; _module_preset=&#8221;default&#8221; global_colors_info=&#8221;{}&#8221;][et_pb_text _builder_version=&#8221;4.13.1&#8243; text_font=&#8221;||||||||&#8221; header_font=&#8221;Josefin Sans|600|||||||&#8221; header_text_align=&#8221;center&#8221; header_text_color=&#8221;#FFFFFF&#8221; header_font_size=&#8221;56px&#8221; header_font_tablet=&#8221;Josefin Sans|600|||||||&#8221; header_font_phone=&#8221;Josefin Sans|600|||||||&#8221; header_font_last_edited=&#8221;on|tablet&#8221; header_font_size_tablet=&#8221;56px&#8221; header_font_size_phone=&#8221;30px&#8221; header_font_size_last_edited=&#8221;on|phone&#8221; global_colors_info=&#8221;{}&#8221;]<\/p>\n<h1>Coaching Entreprises &amp; Particuliers<\/h1>\n<p>[\/et_pb_text][et_pb_divider color=&#8221;#eac67a&#8221; divider_weight=&#8221;3px&#8221; disabled_on=&#8221;off|off|off&#8221; _builder_version=&#8221;4.13.1&#8243; max_width=&#8221;80px&#8221; module_alignment=&#8221;center&#8221; height=&#8221;10px&#8221; custom_margin=&#8221;||20px|&#8221; animation_style=&#8221;slide&#8221; animation_direction=&#8221;bottom&#8221; saved_tabs=&#8221;all&#8221; locked=&#8221;off&#8221; global_colors_info=&#8221;{}&#8221;][\/et_pb_divider][\/et_pb_column][\/et_pb_row][et_pb_row _builder_version=&#8221;4.13.1&#8243; _module_preset=&#8221;default&#8221; custom_padding=&#8221;0px||||false|false&#8221; scroll_fade_enable=&#8221;on&#8221; motion_trigger_start=&#8221;top&#8221; global_colors_info=&#8221;{}&#8221;][et_pb_column type=&#8221;4_4&#8243; _builder_version=&#8221;4.13.1&#8243; _module_preset=&#8221;default&#8221; global_colors_info=&#8221;{}&#8221;][et_pb_text _builder_version=&#8221;4.13.1&#8243; _module_preset=&#8221;default&#8221; text_font=&#8221;Poppins|600|||||||&#8221; text_text_color=&#8221;#FFFFFF&#8221; text_font_size=&#8221;18px&#8221; text_line_height=&#8221;1.5em&#8221; text_font_size_tablet=&#8221;16px&#8221; text_font_size_phone=&#8221;14px&#8221; text_font_size_last_edited=&#8221;on|phone&#8221; global_colors_info=&#8221;{}&#8221;]<\/p>\n<p><span style=\"font-weight: 400;\">Pour nous apn\u00e9istes, qui plongeons \u00e0 des profondeurs vertigineuses sans respirer, il est vital de savoir comment nous lib\u00e9rer du stress et des distractions de fa\u00e7on instantan\u00e9e, d'entrer dans la zone de \u00ab flow \u00bb, d'avoir une concentration ac\u00e9r\u00e9e, et de rester calme sous la pression. En effet, ce pourrait \u00eatre la diff\u00e9rence entre une plong\u00e9e r\u00e9ussie et une syncope.<\/span><\/p>\n<p><span style=\"font-weight: 400;\">Je veux maintenant partager avec vous tous ces outils &amp; techniques, acquises pendant mes 10 ans en tant qu'apn\u00e9iste comp\u00e9titrice \u00e0 un niveau international.<\/span><\/p>\n<p><span style=\"font-weight: 400;\"><\/span><\/p>\n<p>[\/et_pb_text][\/et_pb_column][\/et_pb_row][et_pb_row column_structure=&#8221;1_3,1_3,1_3&#8243; _builder_version=&#8221;4.13.1&#8243; _module_preset=&#8221;default&#8221; custom_padding=&#8221;0px||0px||false|false&#8221; global_colors_info=&#8221;{}&#8221;][et_pb_column type=&#8221;1_3&#8243; _builder_version=&#8221;4.13.1&#8243; _module_preset=&#8221;default&#8221; global_colors_info=&#8221;{}&#8221;][et_pb_image src=&#8221;http:\/\/enki-coaching.com\/wp-content\/uploads\/2021\/12\/Enki-Coaching-94.jpg&#8221; title_text=&#8221;Enki Coaching 94&#8243; _builder_version=&#8221;4.13.1&#8243; _module_preset=&#8221;default&#8221; global_colors_info=&#8221;{}&#8221;][\/et_pb_image][\/et_pb_column][et_pb_column type=&#8221;1_3&#8243; _builder_version=&#8221;4.13.1&#8243; _module_preset=&#8221;default&#8221; global_colors_info=&#8221;{}&#8221;][et_pb_image src=&#8221;http:\/\/enki-coaching.com\/wp-content\/uploads\/2021\/12\/Enki-Coaching-91.jpg&#8221; title_text=&#8221;Enki Coaching 91&#8243; _builder_version=&#8221;4.13.1&#8243; _module_preset=&#8221;default&#8221; global_colors_info=&#8221;{}&#8221;][\/et_pb_image][\/et_pb_column][et_pb_column type=&#8221;1_3&#8243; _builder_version=&#8221;4.13.1&#8243; _module_preset=&#8221;default&#8221; global_colors_info=&#8221;{}&#8221;][et_pb_image src=&#8221;http:\/\/enki-coaching.com\/wp-content\/uploads\/2021\/12\/Enki-Coaching-95.jpg&#8221; title_text=&#8221;Enki Coaching 95&#8243; _builder_version=&#8221;4.13.1&#8243; _module_preset=&#8221;default&#8221; global_colors_info=&#8221;{}&#8221;][\/et_pb_image][\/et_pb_column][\/et_pb_row][et_pb_row _builder_version=&#8221;4.13.1&#8243; _module_preset=&#8221;default&#8221; scroll_fade_enable=&#8221;on&#8221; motion_trigger_start=&#8221;top&#8221; global_colors_info=&#8221;{}&#8221;][et_pb_column type=&#8221;4_4&#8243; _builder_version=&#8221;4.13.1&#8243; _module_preset=&#8221;default&#8221; global_colors_info=&#8221;{}&#8221;][et_pb_text _builder_version=&#8221;4.13.1&#8243; _module_preset=&#8221;default&#8221; text_font=&#8221;Poppins|600|||||||&#8221; text_text_color=&#8221;#FFFFFF&#8221; text_font_size=&#8221;18px&#8221; text_line_height=&#8221;1.5em&#8221; text_font_size_tablet=&#8221;16px&#8221; text_font_size_phone=&#8221;14px&#8221; text_font_size_last_edited=&#8221;on|phone&#8221; global_colors_info=&#8221;{}&#8221;]<\/p>\n<p><span style=\"font-weight: 400;\">Que vous soyez un manager ayant des difficult\u00e9s \u00e0 g\u00e9rer le stress et la pression au travail. Ou un employ\u00e9 manquant de confiance en soi, anxieux \u00e0 l'id\u00e9e de prendre la parole en public, ou simplement avec l'envie d'am\u00e9liorer vos performances au travail. Que vous soyez en train de traverser un grand changement de vie, ou face \u00e0 une d\u00e9cision importante, et avec le besoin d'\u00eatre accompagn\u00e9 pour planifier, prioriser et y voir plus clair dans vos id\u00e9es. Je peux vous apporter les outils appropri\u00e9s et vous aider \u00e0 trouver ce qui vous convient, vos propres r\u00e9ponses, pour am\u00e9liorer votre qualit\u00e9 de vie, au quotidien, que ce soit dans votre vie personnelle ou professionnelle.<\/span><\/p>\n<p><span style=\"font-weight: 400;\"><\/span><\/p>\n<p>[\/et_pb_text][\/et_pb_column][\/et_pb_row][et_pb_row column_structure=&#8221;1_2,1_2&#8243; _builder_version=&#8221;4.13.1&#8243; _module_preset=&#8221;default&#8221; scroll_fade_enable=&#8221;on&#8221; motion_trigger_start=&#8221;top&#8221; global_colors_info=&#8221;{}&#8221;][et_pb_column type=&#8221;1_2&#8243; _builder_version=&#8221;4.13.1&#8243; _module_preset=&#8221;default&#8221; global_colors_info=&#8221;{}&#8221;][et_pb_text _builder_version=&#8221;4.13.1&#8243; _module_preset=&#8221;default&#8221; text_font=&#8221;Poppins|600|||||||&#8221; text_text_color=&#8221;#FFFFFF&#8221; text_font_size=&#8221;18px&#8221; text_line_height=&#8221;1.5em&#8221; text_font_size_tablet=&#8221;16px&#8221; text_font_size_phone=&#8221;14px&#8221; text_font_size_last_edited=&#8221;on|phone&#8221; global_colors_info=&#8221;{}&#8221;]<\/p>\n<p style=\"text-align: center;\"><span style=\"font-weight: 400;\">Ce sur quoi nous pouvons travailler :<\/span><\/p>\n<p style=\"text-align: center;\"><span style=\"font-weight: 400;\"><\/span><\/p>\n<ul>\n<li style=\"text-align: left;\"><span style=\"font-weight: 400;\">D\u00e9finition d'objectif &amp; planification<\/span><\/li>\n<li style=\"text-align: left;\"><span style=\"font-weight: 400;\">Motivation<\/span><\/li>\n<li style=\"text-align: left;\"><span style=\"font-weight: 400;\">Stress<\/span><\/li>\n<li style=\"text-align: left;\"><span style=\"font-weight: 400;\">Mauvais sommeil<\/span><\/li>\n<li style=\"text-align: left;\"><span style=\"font-weight: 400;\">Manque de confiance en soi<\/span><\/li>\n<li style=\"text-align: left;\"><span style=\"font-weight: 400;\">Am\u00e9liorer ses performances au travail<\/span><\/li>\n<li style=\"text-align: left;\"><span style=\"font-weight: 400;\">Dialogue interne<\/span><br \/><span style=\"font-weight: 400;\"><\/span><\/li>\n<li style=\"text-align: left;\"><span style=\"font-weight: 400;\">Prise de parole en public<\/span><\/li>\n<\/ul>\n<p>[\/et_pb_text][\/et_pb_column][et_pb_column type=&#8221;1_2&#8243; _builder_version=&#8221;4.13.1&#8243; _module_preset=&#8221;default&#8221; global_colors_info=&#8221;{}&#8221;][et_pb_text _builder_version=&#8221;4.13.1&#8243; _module_preset=&#8221;default&#8221; text_font=&#8221;Poppins|600|||||||&#8221; text_text_color=&#8221;#FFFFFF&#8221; text_font_size=&#8221;18px&#8221; text_line_height=&#8221;1.5em&#8221; text_font_size_tablet=&#8221;16px&#8221; text_font_size_phone=&#8221;14px&#8221; text_font_size_last_edited=&#8221;on|phone&#8221; global_colors_info=&#8221;{}&#8221;]<\/p>\n<p style=\"text-align: center;\">Outils :<\/p>\n<ul>\n<li style=\"text-align: left;\"><span style=\"font-weight: 400;\">M\u00e9ditation<\/span><\/li>\n<li style=\"text-align: left;\"><span style=\"font-weight: 400;\">Visualisation<\/span><\/li>\n<li style=\"text-align: left;\"><span style=\"font-weight: 400;\">Techniques de relaxation<\/span><\/li>\n<li style=\"text-align: left;\"><span style=\"font-weight: 400;\">Techniques de respiration<\/span><\/li>\n<li style=\"text-align: left;\"><span style=\"font-weight: 400;\">Langage corporel<\/span><\/li>\n<li style=\"text-align: left;\"><span style=\"font-weight: 400;\">Mantras &amp; musique<\/span><\/li>\n<li style=\"text-align: left;\"><span style=\"font-weight: 400;\">Ancrage<\/span><span style=\"font-weight: 400;\"><\/span><\/li>\n<li style=\"text-align: left;\"><span style=\"font-weight: 400;\">NLP (in training)<\/span><\/li>\n<li style=\"text-align: left;\"><span style=\"font-weight: 400;\">Hypnosis (in training)<\/span><\/li>\n<\/ul>\n<p>[\/et_pb_text][\/et_pb_column][\/et_pb_row][et_pb_row _builder_version=&#8221;4.13.1&#8243; _module_preset=&#8221;default&#8221; locked=&#8221;off&#8221; global_colors_info=&#8221;{}&#8221;][et_pb_column type=&#8221;4_4&#8243; _builder_version=&#8221;4.13.1&#8243; _module_preset=&#8221;default&#8221; global_colors_info=&#8221;{}&#8221;][et_pb_button button_text=&#8221;Enquire now&#8221; button_alignment=&#8221;center&#8221; _builder_version=&#8221;4.13.1&#8243; _module_preset=&#8221;default&#8221; custom_button=&#8221;on&#8221; button_text_size=&#8221;16px&#8221; button_text_color=&#8221;#eac67a&#8221; button_bg_color=&#8221;#984843&#8243; button_border_width=&#8221;2px&#8221; button_border_color=&#8221;RGBA(0,0,0,0)&#8221; button_border_radius=&#8221;100px&#8221; button_letter_spacing=&#8221;2px&#8221; button_font=&#8221;Poppins|600||on|||||&#8221; background_layout=&#8221;dark&#8221; hover_enabled=&#8221;0&#8243; locked=&#8221;off&#8221; global_colors_info=&#8221;{}&#8221; button_url=&#8221;http:\/\/enki-coaching.com\/contact\/&#8221; url_new_window=&#8221;on&#8221; sticky_enabled=&#8221;0&#8243;][\/et_pb_button][\/et_pb_column][\/et_pb_row][\/et_pb_section]<\/p>","protected":false},"excerpt":{"rendered":"<p>Corporate &amp; Personal CoachingFor us freedivers, diving to incredible depths underwater on a single breath, knowing how to instantly get rid of stress &amp; distractions, enter the \u00ab zone \u00bb, have razor-sharp focus, and stay calm under pressure is vital. Because this could mean the difference between a successful dive and a black-out. I now [&hellip;]<\/p>","protected":false},"author":1,"featured_media":0,"parent":71,"menu_order":0,"comment_status":"closed","ping_status":"closed","template":"","meta":{"_et_pb_use_builder":"on","_et_pb_old_content":"","_et_gb_content_width":"","footnotes":""},"_links":{"self":[{"href":"https:\/\/enki-coaching.com\/fr\/wp-json\/wp\/v2\/pages\/226"}],"collection":[{"href":"https:\/\/enki-coaching.com\/fr\/wp-json\/wp\/v2\/pages"}],"about":[{"href":"https:\/\/enki-coaching.com\/fr\/wp-json\/wp\/v2\/types\/page"}],"author":[{"embeddable":true,"href":"https:\/\/enki-coaching.com\/fr\/wp-json\/wp\/v2\/users\/1"}],"replies":[{"embeddable":true,"href":"https:\/\/enki-coaching.com\/fr\/wp-json\/wp\/v2\/comments?post=226"}],"version-history":[{"count":12,"href":"https:\/\/enki-coaching.com\/fr\/wp-json\/wp\/v2\/pages\/226\/revisions"}],"predecessor-version":[{"id":414,"href":"https:\/\/enki-coaching.com\/fr\/wp-json\/wp\/v2\/pages\/226\/revisions\/414"}],"up":[{"embeddable":true,"href":"https:\/\/enki-coaching.com\/fr\/wp-json\/wp\/v2\/pages\/71"}],"wp:attachment":[{"href":"https:\/\/enki-coaching.com\/fr\/wp-json\/wp\/v2\/media?parent=226"}],"curies":[{"name":"wp","href":"https:\/\/api.w.org\/{rel}","templated":true}]}}