{"id":308,"date":"2021-12-22T23:56:05","date_gmt":"2021-12-22T23:56:05","guid":{"rendered":"http:\/\/enki-coaching.com\/?page_id=308"},"modified":"2024-09-29T14:58:17","modified_gmt":"2024-09-29T14:58:17","slug":"about-enki","status":"publish","type":"page","link":"https:\/\/enki-coaching.com\/fr\/about-enki\/","title":{"rendered":"A propos d'Enki"},"content":{"rendered":"<p>[et_pb_section fb_built=&#8221;1&#8243; fullwidth=&#8221;on&#8221; _builder_version=&#8221;4.13.1&#8243; _module_preset=&#8221;default&#8221; background_enable_image=&#8221;off&#8221; height=&#8221;100vh&#8221; custom_padding=&#8221;||||false|false&#8221; global_colors_info=&#8221;{}&#8221;][et_pb_fullwidth_header title=&#8221;About Enki Coaching&#8221; header_fullscreen=&#8221;on&#8221; _builder_version=&#8221;4.13.1&#8243; _module_preset=&#8221;default&#8221; title_font_size=&#8221;56px&#8221; content_text_align=&#8221;center&#8221; background_enable_color=&#8221;off&#8221; use_background_color_gradient=&#8221;on&#8221; background_color_gradient_start=&#8221;rgba(0,0,0,0.34)&#8221; background_color_gradient_end=&#8221;rgba(0,0,0,0.47)&#8221; background_image=&#8221;http:\/\/enki-coaching.com\/wp-content\/uploads\/2021\/12\/Enki-Coaching-83-scaled.jpg&#8221; background_blend=&#8221;overlay&#8221; custom_button_one=&#8221;on&#8221; button_one_letter_spacing=&#8221;1px&#8221; button_one_font=&#8221;|||on|||||&#8221; custom_button_two=&#8221;on&#8221; module_alignment=&#8221;center&#8221; height=&#8221;100vh&#8221; custom_padding=&#8221;||||true|false&#8221; title_font_size_tablet=&#8221;45px&#8221; title_font_size_phone=&#8221;35px&#8221; title_font_size_last_edited=&#8221;on|desktop&#8221; global_colors_info=&#8221;{}&#8221;][\/et_pb_fullwidth_header][\/et_pb_section][et_pb_section fb_built=&#8221;1&#8243; _builder_version=&#8221;4.13.1&#8243; _module_preset=&#8221;default&#8221; background_color=&#8221;#18121e&#8221; custom_padding=&#8221;||0px||false|false&#8221; locked=&#8221;off&#8221; global_colors_info=&#8221;{}&#8221;][et_pb_row _builder_version=&#8221;4.13.1&#8243; _module_preset=&#8221;default&#8221; custom_padding=&#8221;0px||0px||false|false&#8221; scroll_fade_enable=&#8221;on&#8221; motion_trigger_start=&#8221;top&#8221; global_colors_info=&#8221;{}&#8221;][et_pb_column type=&#8221;4_4&#8243; _builder_version=&#8221;4.13.1&#8243; _module_preset=&#8221;default&#8221; global_colors_info=&#8221;{}&#8221;][et_pb_text _builder_version=&#8221;4.13.1&#8243; _module_preset=&#8221;default&#8221; text_font=&#8221;Poppins|600|||||||&#8221; text_text_color=&#8221;#FFFFFF&#8221; text_font_size=&#8221;18px&#8221; text_line_height=&#8221;1.5em&#8221; header_3_font=&#8221;Josefin Sans||||||||&#8221; header_3_text_color=&#8221;#FFFFFF&#8221; header_3_font_size=&#8221;26px&#8221; motion_trigger_start=&#8221;top&#8221; text_font_size_tablet=&#8221;16px&#8221; text_font_size_phone=&#8221;14px&#8221; text_font_size_last_edited=&#8221;on|phone&#8221; global_colors_info=&#8221;{}&#8221;]<\/p>\n<p><span style=\"font-weight: 400;\">For as long as I can remember, I have always been driven by the desire to help people feel and be better. After 13 years as a freediving coach, I\u2019m more passionate than ever about coaching, and ever more amazed at the endless abilities of our mind. So it\u2019s very naturally that I decided to offer my knowledge, experience and passion about coaching to help athletes, professionals and regular people like you and I, to unlock the full potential of their minds and reach their goals.\u00a0<\/span><\/p>\n<h3 style=\"text-align: center;\"><strong>Pourquoi \"Enki\" ?<\/strong><\/h3>\n<p><span style=\"font-weight: 400;\">Quand je cherchais un nom pour mon entreprise de coaching, je savais que je voulais y inclure les notions de coaching mental, donc l'esprit, mais aussi la cr\u00e9ativit\u00e9, car je suis convaincue que nous sommes les cr\u00e9ateurs de notre propre r\u00e9alit\u00e9 et de notre vie. Je voulais aussi y faire appara\u00eetre l'eau, car elle tient une place tellement importante dans ma vie, et car je pense que l'eau peut \u00e0 la fois gu\u00e9rir et beaucoup nous enseigner.<\/span><\/p>\n<p><span style=\"font-weight: 400;\">Apr\u00e8s beaucoup de remue-m\u00e9ninges, de recherches sur Google, et de notes gribouill\u00e9es sur des bouts de papier, je suis tomb\u00e9e sur le nom \u00ab ENKI \u00bb et \u00e7a a tout de suite fait tilt. Enki est le dieu sum\u00e9rien de la connaissance et de la sagesse, de l'eau, des arts et de la cr\u00e9ation, et aussi de l'espi\u00e8glerie, ce que j'ai trouv\u00e9 g\u00e9nial ! Tout \u00e9tait r\u00e9uni, et en plus \u00e7a sonnait bien, alors adjug\u00e9-vendu : Enki Coaching est n\u00e9 !<\/span><\/p>\n<p>&nbsp;<\/p>\n<p>[\/et_pb_text][\/et_pb_column][\/et_pb_row][\/et_pb_section][et_pb_section fb_built=&#8221;1&#8243; _builder_version=&#8221;4.13.1&#8243; _module_preset=&#8221;default&#8221; background_color=&#8221;#18121e&#8221; custom_padding=&#8221;0px||||false|false&#8221; locked=&#8221;off&#8221; global_colors_info=&#8221;{}&#8221;][et_pb_row column_structure=&#8221;1_3,1_3,1_3&#8243; _builder_version=&#8221;4.13.1&#8243; _module_preset=&#8221;default&#8221; scroll_fade_enable=&#8221;on&#8221; motion_trigger_start=&#8221;top&#8221; global_colors_info=&#8221;{}&#8221;][et_pb_column type=&#8221;1_3&#8243; _builder_version=&#8221;4.13.1&#8243; _module_preset=&#8221;default&#8221; global_colors_info=&#8221;{}&#8221;][et_pb_text _builder_version=&#8221;4.13.1&#8243; _module_preset=&#8221;default&#8221; header_font=&#8221;|||on|||||&#8221; header_text_align=&#8221;center&#8221; header_3_font=&#8221;Josefin Sans|600||on|||||&#8221; header_3_text_align=&#8221;center&#8221; header_3_text_color=&#8221;#ffffff&#8221; header_3_font_size=&#8221;25px&#8221; header_3_line_height=&#8221;1.3em&#8221; use_background_color_gradient=&#8221;on&#8221; background_color_gradient_start=&#8221;rgba(0,0,0,0.55)&#8221; background_color_gradient_end=&#8221;rgba(0,0,0,0.58)&#8221; background_image=&#8221;http:\/\/enki-coaching.com\/wp-content\/uploads\/2021\/12\/Enki-Coaching-39.jpg&#8221; background_blend=&#8221;overlay&#8221; custom_padding=&#8221;30%|10%|30%|10%|false|false&#8221; hover_transition_delay=&#8221;100ms&#8221; link_option_url=&#8221;http:\/\/enki-coaching.com\/coaching-services\/&#8221; global_colors_info=&#8221;{}&#8221;]<\/p>\n<h3>Services de Coaching<\/h3>\n<p>[\/et_pb_text][\/et_pb_column][et_pb_column type=&#8221;1_3&#8243; _builder_version=&#8221;4.13.1&#8243; _module_preset=&#8221;default&#8221; global_colors_info=&#8221;{}&#8221;][et_pb_text _builder_version=&#8221;4.13.1&#8243; _module_preset=&#8221;default&#8221; header_font=&#8221;|||on|||||&#8221; header_text_align=&#8221;center&#8221; header_3_font=&#8221;Josefin Sans|600||on|||||&#8221; header_3_text_align=&#8221;center&#8221; header_3_text_color=&#8221;#ffffff&#8221; header_3_font_size=&#8221;25px&#8221; header_3_line_height=&#8221;1.3em&#8221; use_background_color_gradient=&#8221;on&#8221; background_color_gradient_start=&#8221;rgba(0,0,0,0.55)&#8221; background_color_gradient_end=&#8221;rgba(0,0,0,0.58)&#8221; background_image=&#8221;http:\/\/enki-coaching.com\/wp-content\/uploads\/2021\/12\/Enki-Coaching-85-scaled.jpg&#8221; background_blend=&#8221;overlay&#8221; custom_padding=&#8221;30%|15%|30%|15%|false|false&#8221; link_option_url=&#8221;http:\/\/enki-coaching.com\/LILY-CRESPY\/&#8221; scroll_fade_enable=&#8221;on&#8221; global_colors_info=&#8221;{}&#8221;]<\/p>\n<h3>A PROPOS DE LILY CRESPY<\/h3>\n<p>[\/et_pb_text][\/et_pb_column][et_pb_column type=&#8221;1_3&#8243; _builder_version=&#8221;4.13.1&#8243; _module_preset=&#8221;default&#8221; global_colors_info=&#8221;{}&#8221;][et_pb_text _builder_version=&#8221;4.13.1&#8243; _module_preset=&#8221;default&#8221; header_font=&#8221;|||on|||||&#8221; header_text_align=&#8221;center&#8221; header_line_height=&#8221;1.3em&#8221; header_3_font=&#8221;Josefin Sans|600||on|||||&#8221; header_3_text_align=&#8221;center&#8221; header_3_text_color=&#8221;#ffffff&#8221; header_3_font_size=&#8221;25px&#8221; header_3_line_height=&#8221;1.3em&#8221; use_background_color_gradient=&#8221;on&#8221; background_color_gradient_start=&#8221;rgba(0,0,0,0.55)&#8221; background_color_gradient_end=&#8221;rgba(0,0,0,0.58)&#8221; background_image=&#8221;http:\/\/enki-coaching.com\/wp-content\/uploads\/2021\/12\/Enki-Coaching-74-scaled.jpg&#8221; background_blend=&#8221;overlay&#8221; custom_padding=&#8221;30%|10%|30%|10%|false|false&#8221; link_option_url=&#8221;http:\/\/enki-coaching.com\/contact\/&#8221; scroll_fade_enable=&#8221;on&#8221; global_colors_info=&#8221;{}&#8221;]<\/p>\n<h3>CONTACTER ENKI<\/h3>\n<p>[\/et_pb_text][\/et_pb_column][\/et_pb_row][\/et_pb_section]<\/p>","protected":false},"excerpt":{"rendered":"<p>For as long as I can remember, I have always been driven by the desire to help people feel and be better. After 13 years as a freediving coach, I\u2019m more passionate than ever about coaching, and ever more amazed at the endless abilities of our mind. So it\u2019s very naturally that I decided to [&hellip;]<\/p>","protected":false},"author":1,"featured_media":0,"parent":0,"menu_order":0,"comment_status":"closed","ping_status":"closed","template":"","meta":{"_et_pb_use_builder":"on","_et_pb_old_content":"","_et_gb_content_width":"","footnotes":""},"_links":{"self":[{"href":"https:\/\/enki-coaching.com\/fr\/wp-json\/wp\/v2\/pages\/308"}],"collection":[{"href":"https:\/\/enki-coaching.com\/fr\/wp-json\/wp\/v2\/pages"}],"about":[{"href":"https:\/\/enki-coaching.com\/fr\/wp-json\/wp\/v2\/types\/page"}],"author":[{"embeddable":true,"href":"https:\/\/enki-coaching.com\/fr\/wp-json\/wp\/v2\/users\/1"}],"replies":[{"embeddable":true,"href":"https:\/\/enki-coaching.com\/fr\/wp-json\/wp\/v2\/comments?post=308"}],"version-history":[{"count":9,"href":"https:\/\/enki-coaching.com\/fr\/wp-json\/wp\/v2\/pages\/308\/revisions"}],"predecessor-version":[{"id":566,"href":"https:\/\/enki-coaching.com\/fr\/wp-json\/wp\/v2\/pages\/308\/revisions\/566"}],"wp:attachment":[{"href":"https:\/\/enki-coaching.com\/fr\/wp-json\/wp\/v2\/media?parent=308"}],"curies":[{"name":"wp","href":"https:\/\/api.w.org\/{rel}","templated":true}]}}