{"id":417,"date":"2021-12-25T02:11:07","date_gmt":"2021-12-25T02:11:07","guid":{"rendered":"http:\/\/enki-coaching.com\/?page_id=417"},"modified":"2022-05-19T05:08:22","modified_gmt":"2022-05-19T05:08:22","slug":"testimonials","status":"publish","type":"page","link":"https:\/\/enki-coaching.com\/fr\/testimonials\/","title":{"rendered":"TEMOIGNAGES"},"content":{"rendered":"<p>[et_pb_section fb_built=&#8221;1&#8243; fullwidth=&#8221;on&#8221; _builder_version=&#8221;4.13.1&#8243; _module_preset=&#8221;default&#8221; background_enable_image=&#8221;off&#8221; height=&#8221;100vh&#8221; custom_padding=&#8221;||||false|false&#8221; global_colors_info=&#8221;{}&#8221;][et_pb_fullwidth_header title=&#8221;TESTIMONIALS&#8221; header_fullscreen=&#8221;on&#8221; _builder_version=&#8221;4.13.1&#8243; _module_preset=&#8221;default&#8221; title_font_size=&#8221;56px&#8221; content_text_align=&#8221;center&#8221; background_enable_color=&#8221;off&#8221; use_background_color_gradient=&#8221;on&#8221; background_color_gradient_start=&#8221;rgba(0,0,0,0.34)&#8221; background_color_gradient_end=&#8221;rgba(0,0,0,0.47)&#8221; background_image=&#8221;http:\/\/enki-coaching.com\/wp-content\/uploads\/2021\/12\/Enki-Coaching-42.png&#8221; background_blend=&#8221;overlay&#8221; custom_button_one=&#8221;on&#8221; button_one_letter_spacing=&#8221;1px&#8221; button_one_font=&#8221;|||on|||||&#8221; custom_button_two=&#8221;on&#8221; max_width=&#8221;100%&#8221; module_alignment=&#8221;center&#8221; height=&#8221;100vh&#8221; custom_padding=&#8221;||||true|false&#8221; title_font_size_tablet=&#8221;45px&#8221; title_font_size_phone=&#8221;35px&#8221; title_font_size_last_edited=&#8221;on|desktop&#8221; global_colors_info=&#8221;{}&#8221;][\/et_pb_fullwidth_header][\/et_pb_section][et_pb_section fb_built=&#8221;1&#8243; _builder_version=&#8221;4.13.1&#8243; _module_preset=&#8221;default&#8221; background_color=&#8221;#18121e&#8221; custom_padding=&#8221;||0px|||&#8221; locked=&#8221;off&#8221; global_colors_info=&#8221;{}&#8221;][et_pb_row _builder_version=&#8221;4.13.1&#8243; _module_preset=&#8221;default&#8221; scroll_fade_enable=&#8221;on&#8221; motion_trigger_start=&#8221;top&#8221; locked=&#8221;off&#8221; global_colors_info=&#8221;{}&#8221;][et_pb_column type=&#8221;4_4&#8243; _builder_version=&#8221;4.13.1&#8243; _module_preset=&#8221;default&#8221; global_colors_info=&#8221;{}&#8221;][et_pb_text _builder_version=&#8221;4.13.1&#8243; text_font=&#8221;||||||||&#8221; header_font=&#8221;Josefin Sans|600|||||||&#8221; header_text_align=&#8221;center&#8221; header_text_color=&#8221;#FFFFFF&#8221; header_font_size=&#8221;56px&#8221; header_font_tablet=&#8221;Josefin Sans|600|||||||&#8221; header_font_phone=&#8221;Josefin Sans|600|||||||&#8221; header_font_last_edited=&#8221;on|tablet&#8221; header_font_size_tablet=&#8221;56px&#8221; header_font_size_phone=&#8221;30px&#8221; header_font_size_last_edited=&#8221;on|phone&#8221; global_colors_info=&#8221;{}&#8221;]<\/p>\n<h1>Ce qu'ils en disent<\/h1>\n<p>[\/et_pb_text][et_pb_divider color=&#8221;#eac67a&#8221; divider_weight=&#8221;3px&#8221; disabled_on=&#8221;off|off|off&#8221; _builder_version=&#8221;4.13.1&#8243; max_width=&#8221;80px&#8221; module_alignment=&#8221;center&#8221; height=&#8221;10px&#8221; custom_margin=&#8221;||20px|&#8221; animation_style=&#8221;slide&#8221; animation_direction=&#8221;bottom&#8221; saved_tabs=&#8221;all&#8221; locked=&#8221;off&#8221; global_colors_info=&#8221;{}&#8221;][\/et_pb_divider][\/et_pb_column][\/et_pb_row][et_pb_row column_structure=&#8221;1_3,1_3,1_3&#8243; _builder_version=&#8221;4.13.1&#8243; custom_margin_tablet=&#8221;0px||||false|false&#8221; custom_margin_last_edited=&#8221;off|desktop&#8221; locked=&#8221;off&#8221; global_colors_info=&#8221;{}&#8221;][et_pb_column type=&#8221;1_3&#8243; _builder_version=&#8221;4.13.1&#8243; background_color=&#8221;RGBA(0,0,0,0)&#8221; custom_padding=&#8221;30px|30px|30px|30px|true|true&#8221; border_radii=&#8221;on|10px|10px|10px|10px&#8221; box_shadow_style=&#8221;preset3&#8243; box_shadow_vertical=&#8221;47px&#8221; box_shadow_blur=&#8221;48px&#8221; box_shadow_spread=&#8221;0px&#8221; box_shadow_color=&#8221;rgba(100,146,188,0.2)&#8221; global_colors_info=&#8221;{}&#8221;][et_pb_text _builder_version=&#8221;4.13.1&#8243; text_font=&#8221;Poppins||||||||&#8221; text_text_color=&#8221;#FFFFFF&#8221; text_font_size=&#8221;16px&#8221; text_line_height=&#8221;1.5em&#8221; text_font_size_tablet=&#8221;14px&#8221; text_font_size_phone=&#8221;14px&#8221; text_font_size_last_edited=&#8221;on|desktop&#8221; locked=&#8221;off&#8221; global_colors_info=&#8221;{}&#8221;]<\/p>\n<p><span style=\"font-weight: 400;\">\u00ab Lily est une coach fantastique et m'a guid\u00e9 vers le succ\u00e8s pendant une p\u00e9riode difficile de ma progression en apn\u00e9e (-28m \u2192 -34m). Elle a d\u00e9tect\u00e9 tous les d\u00e9tails pendant mes plong\u00e9es et a su faire les changements appropri\u00e9s. Avec son aide, j'ai pu finalement compl\u00e9ter le niveau AIDA4 et ai vraiment gagn\u00e9 en confiance en moi et pu am\u00e9liorer mon exp\u00e9rience en apn\u00e9e. \u00bb\u00a0<\/span><\/p>\n<p><span style=\"font-weight: 400;\">&#8211; Tao<\/span><\/p>\n<p>[\/et_pb_text][\/et_pb_column][et_pb_column type=&#8221;1_3&#8243; _builder_version=&#8221;4.13.1&#8243; background_color=&#8221;RGBA(0,0,0,0)&#8221; custom_padding=&#8221;30px|30px|30px|30px|true|true&#8221; border_radii=&#8221;on|10px|10px|10px|10px&#8221; box_shadow_style=&#8221;preset3&#8243; box_shadow_vertical=&#8221;47px&#8221; box_shadow_blur=&#8221;48px&#8221; box_shadow_spread=&#8221;0px&#8221; box_shadow_color=&#8221;rgba(100,146,188,0.2)&#8221; global_colors_info=&#8221;{}&#8221;][et_pb_text _builder_version=&#8221;4.13.1&#8243; text_font=&#8221;Poppins||||||||&#8221; text_text_color=&#8221;#FFFFFF&#8221; text_font_size=&#8221;16px&#8221; text_line_height=&#8221;1.5em&#8221; text_font_size_tablet=&#8221;14px&#8221; text_font_size_phone=&#8221;14px&#8221; text_font_size_last_edited=&#8221;on|desktop&#8221; locked=&#8221;off&#8221; global_colors_info=&#8221;{}&#8221;]<\/p>\n<p><span style=\"font-weight: 400;\">\u00ab J'ai ador\u00e9 mon exp\u00e9rience lors du stage Apn\u00e9e pour le Stress &amp; L'Anxi\u00e9t\u00e9. Je recommande vivement de prendre un cours avec l'adorable Lily Cresppy. Une instructrice vraiment gentille et g\u00e9n\u00e9reuse ! Merci \u00e0 Lily et \u00e0 toute l'\u00e9quipe pour les bons souvenirs ! \u00bb<\/span><span style=\"font-weight: 400;\">&#8221; <\/span><\/p>\n<p><span style=\"font-weight: 400;\">&#8211; Sophia<\/span><span style=\"font-weight: 400;\"><\/span><\/p>\n<p><span style=\"font-weight: 400;\"><\/span><\/p>\n<p>[\/et_pb_text][\/et_pb_column][et_pb_column type=&#8221;1_3&#8243; _builder_version=&#8221;4.13.1&#8243; background_color=&#8221;RGBA(0,0,0,0)&#8221; custom_padding=&#8221;30px|30px|30px|30px|true|true&#8221; border_radii=&#8221;on|10px|10px|10px|10px&#8221; box_shadow_style=&#8221;preset3&#8243; box_shadow_vertical=&#8221;47px&#8221; box_shadow_blur=&#8221;48px&#8221; box_shadow_spread=&#8221;0px&#8221; box_shadow_color=&#8221;rgba(100,146,188,0.2)&#8221; global_colors_info=&#8221;{}&#8221;][et_pb_text _builder_version=&#8221;4.13.1&#8243; text_font=&#8221;Poppins||||||||&#8221; text_text_color=&#8221;#FFFFFF&#8221; text_font_size=&#8221;16px&#8221; text_line_height=&#8221;1.5em&#8221; text_font_size_tablet=&#8221;14px&#8221; text_font_size_phone=&#8221;14px&#8221; text_font_size_last_edited=&#8221;on|desktop&#8221; locked=&#8221;off&#8221; global_colors_info=&#8221;{}&#8221;]<\/p>\n<p><span style=\"font-weight: 400;\">\u00ab Je n'aurais pas pu r\u00eaver meilleur instructeur que Lily ! Patiente, \u00e0 l'\u00e9coute, dr\u00f4le, et belle \u00e0 l'int\u00e9rieur comme \u00e0 l'ext\u00e9rieur. J'ai beaucoup beaucoup de chance d'avoir appris avec elle. \u00bb<\/span><span style=\"font-weight: 400;\">&#8220;<\/span><\/p>\n<p><span style=\"font-weight: 400;\">&#8211; Roisin<\/span><\/p>\n<p>[\/et_pb_text][\/et_pb_column][\/et_pb_row][et_pb_row column_structure=&#8221;1_3,1_3,1_3&#8243; _builder_version=&#8221;4.13.1&#8243; custom_margin_tablet=&#8221;0px||||false|false&#8221; custom_margin_last_edited=&#8221;off|desktop&#8221; locked=&#8221;off&#8221; global_colors_info=&#8221;{}&#8221;][et_pb_column type=&#8221;1_3&#8243; _builder_version=&#8221;4.13.1&#8243; background_color=&#8221;RGBA(0,0,0,0)&#8221; custom_padding=&#8221;30px|30px|30px|30px|true|true&#8221; border_radii=&#8221;on|10px|10px|10px|10px&#8221; box_shadow_style=&#8221;preset3&#8243; box_shadow_vertical=&#8221;47px&#8221; box_shadow_blur=&#8221;48px&#8221; box_shadow_spread=&#8221;0px&#8221; box_shadow_color=&#8221;rgba(100,146,188,0.2)&#8221; global_colors_info=&#8221;{}&#8221;][et_pb_text _builder_version=&#8221;4.13.1&#8243; text_font=&#8221;Poppins||||||||&#8221; text_text_color=&#8221;#FFFFFF&#8221; text_font_size=&#8221;16px&#8221; text_line_height=&#8221;1.5em&#8221; text_font_size_tablet=&#8221;14px&#8221; text_font_size_phone=&#8221;14px&#8221; text_font_size_last_edited=&#8221;on|desktop&#8221; locked=&#8221;off&#8221; global_colors_info=&#8221;{}&#8221;]<\/p>\n<p><span style=\"font-weight: 400;\">\u00ab Lily est une apn\u00e9iste d\u00e9vou\u00e9e \u00e0 sa passion, une athl\u00e8te et une instructrice avec beaucoup d'exp\u00e9rience. C'est aussi une belle personne, sur qui on peut compter, et elle sait vous faire vous sentir bien et d\u00e9tendu dans l'eau, ce qui est tellement important en apn\u00e9e. Elle a toutes les qualit\u00e9s pour vous aider \u00e0 surmonter n'importe quelle difficult\u00e9 que vous pourriez avoir, \u00e0 n'importe quel niveau, et en bonus tout cela en s'amusant. \u00bb\u00a0<\/span><\/p>\n<p><span style=\"font-weight: 400;\">&#8211; Jean-Philippe<\/span><\/p>\n<p>[\/et_pb_text][\/et_pb_column][et_pb_column type=&#8221;1_3&#8243; _builder_version=&#8221;4.13.1&#8243; background_color=&#8221;RGBA(0,0,0,0)&#8221; custom_padding=&#8221;30px|30px|30px|30px|true|true&#8221; border_radii=&#8221;on|10px|10px|10px|10px&#8221; box_shadow_style=&#8221;preset3&#8243; box_shadow_vertical=&#8221;47px&#8221; box_shadow_blur=&#8221;48px&#8221; box_shadow_spread=&#8221;0px&#8221; box_shadow_color=&#8221;rgba(100,146,188,0.2)&#8221; global_colors_info=&#8221;{}&#8221;][et_pb_text _builder_version=&#8221;4.13.1&#8243; text_font=&#8221;Poppins||||||||&#8221; text_text_color=&#8221;#FFFFFF&#8221; text_font_size=&#8221;16px&#8221; text_line_height=&#8221;1.5em&#8221; text_font_size_tablet=&#8221;14px&#8221; text_font_size_phone=&#8221;14px&#8221; text_font_size_last_edited=&#8221;on|desktop&#8221; locked=&#8221;off&#8221; global_colors_info=&#8221;{}&#8221;]<\/p>\n<p><span style=\"font-weight: 400;\">\u00ab J'ai pass\u00e9 mon AIDA4 et mon cours instructeur avec Lily, qui est incroyable dans son travail \u00e0 tous les niveaux. Le cours instructeur \u00e9tait assez intense, mais Lily a su \u00e9taler et adapter le planning pour nous mettre \u00e0 l'aise. Elle est tr\u00e8s motivante, tr\u00e8s organis\u00e9e, passionn\u00e9e de l'enseignement, et sait expliquer ses cours de fa\u00e7on tr\u00e8s claire. Je me suis aussi sentie totalement en s\u00e9curit\u00e9 pendant toutes les s\u00e9ances pratiques.<\/span><\/p>\n<p><span style=\"font-weight: 400;\">Les deux cours \u00e9taient super super fun, j'ai tellement appris, et je suis tr\u00e8s reconnaissante d'avoir eu une instructrice aussi incroyable. \u00bb<\/span><\/p>\n<p><span style=\"font-weight: 400;\">&#8211; Sophie<\/span><\/p>\n<p>[\/et_pb_text][\/et_pb_column][et_pb_column type=&#8221;1_3&#8243; _builder_version=&#8221;4.13.1&#8243; background_color=&#8221;RGBA(0,0,0,0)&#8221; custom_padding=&#8221;30px|30px|30px|30px|true|true&#8221; border_radii=&#8221;on|10px|10px|10px|10px&#8221; box_shadow_style=&#8221;preset3&#8243; box_shadow_vertical=&#8221;47px&#8221; box_shadow_blur=&#8221;48px&#8221; box_shadow_spread=&#8221;0px&#8221; box_shadow_color=&#8221;rgba(100,146,188,0.2)&#8221; global_colors_info=&#8221;{}&#8221;][et_pb_text _builder_version=&#8221;4.13.1&#8243; text_font=&#8221;Poppins||||||||&#8221; text_text_color=&#8221;#FFFFFF&#8221; text_font_size=&#8221;16px&#8221; text_line_height=&#8221;1.5em&#8221; text_font_size_tablet=&#8221;14px&#8221; text_font_size_phone=&#8221;14px&#8221; text_font_size_last_edited=&#8221;on|desktop&#8221; locked=&#8221;off&#8221; global_colors_info=&#8221;{}&#8221;]<\/p>\n<p><span style=\"font-weight: 400;\">&#8220;<\/span><span style=\"font-weight: 400;\">\u00ab Je me suis entra\u00een\u00e9 avec Lily Crespy <\/span><span style=\"font-weight: 400;\">pour de nombreuses sessions de profondeur \u00e0 Dahab et enfin pour mon cours AIDA4. De tous les instructeurs qui ont crois\u00e9 ma route, c'est elle que j'ai pr\u00e9f\u00e9r\u00e9e. Sa fa\u00e7on d'analyser rapidement les probl\u00e8mes lui permet de corriger efficacement votre technique ou votre approche, tout en vous mettant \u00e0 l'aise gr\u00e2ce \u00e0 sa douceur, afin que vous puissiez mieux vous concentrer sur la t\u00e2che \u00e0 accomplir. Mais je me rappelle que tr\u00e8s souvent elle gardait le meilleur et plus crucial des conseils pour ces quelques minutes juste avant de prendre votre grande inspiration. \u00bb<\/span><\/p>\n<p><span style=\"font-weight: 400;\">&#8211; David<\/span><\/p>\n<p>[\/et_pb_text][\/et_pb_column][\/et_pb_row][et_pb_row _builder_version=&#8221;4.13.1&#8243; _module_preset=&#8221;default&#8221; locked=&#8221;off&#8221; global_colors_info=&#8221;{}&#8221;][et_pb_column type=&#8221;4_4&#8243; _builder_version=&#8221;4.13.1&#8243; _module_preset=&#8221;default&#8221; global_colors_info=&#8221;{}&#8221;][et_pb_button button_url=&#8221;http:\/\/enki-coaching.com\/contact\/&#8221; url_new_window=&#8221;on&#8221; button_text=&#8221;Enquire now&#8221; button_alignment=&#8221;center&#8221; _builder_version=&#8221;4.13.1&#8243; _module_preset=&#8221;default&#8221; custom_button=&#8221;on&#8221; button_text_size=&#8221;16px&#8221; button_text_color=&#8221;#eac67a&#8221; button_bg_color=&#8221;#984843&#8243; button_border_width=&#8221;2px&#8221; button_border_color=&#8221;RGBA(0,0,0,0)&#8221; button_border_radius=&#8221;100px&#8221; button_letter_spacing=&#8221;2px&#8221; button_font=&#8221;Poppins|600||on|||||&#8221; background_layout=&#8221;dark&#8221; locked=&#8221;off&#8221; global_colors_info=&#8221;{}&#8221;][\/et_pb_button][\/et_pb_column][\/et_pb_row][\/et_pb_section]<\/p>","protected":false},"excerpt":{"rendered":"<p>What People Are Saying&#8221;Lily is a fantastic coach and helped me to succeed on a very challenging part of my Freediving journey (-28m -&gt; -34m). She captured all details during the dive and knows how to make change on me. With her help, I eventually completed AIDA 4 program and genuinely gained confidence and improved [&hellip;]<\/p>","protected":false},"author":1,"featured_media":0,"parent":0,"menu_order":0,"comment_status":"closed","ping_status":"closed","template":"","meta":{"_et_pb_use_builder":"on","_et_pb_old_content":"","_et_gb_content_width":"","footnotes":""},"_links":{"self":[{"href":"https:\/\/enki-coaching.com\/fr\/wp-json\/wp\/v2\/pages\/417"}],"collection":[{"href":"https:\/\/enki-coaching.com\/fr\/wp-json\/wp\/v2\/pages"}],"about":[{"href":"https:\/\/enki-coaching.com\/fr\/wp-json\/wp\/v2\/types\/page"}],"author":[{"embeddable":true,"href":"https:\/\/enki-coaching.com\/fr\/wp-json\/wp\/v2\/users\/1"}],"replies":[{"embeddable":true,"href":"https:\/\/enki-coaching.com\/fr\/wp-json\/wp\/v2\/comments?post=417"}],"version-history":[{"count":8,"href":"https:\/\/enki-coaching.com\/fr\/wp-json\/wp\/v2\/pages\/417\/revisions"}],"predecessor-version":[{"id":503,"href":"https:\/\/enki-coaching.com\/fr\/wp-json\/wp\/v2\/pages\/417\/revisions\/503"}],"wp:attachment":[{"href":"https:\/\/enki-coaching.com\/fr\/wp-json\/wp\/v2\/media?parent=417"}],"curies":[{"name":"wp","href":"https:\/\/api.w.org\/{rel}","templated":true}]}}