{"id":71,"date":"2021-12-12T21:02:10","date_gmt":"2021-12-12T21:02:10","guid":{"rendered":"http:\/\/enki-coaching.com\/?page_id=71"},"modified":"2021-12-26T21:42:18","modified_gmt":"2021-12-26T21:42:18","slug":"coaching-services","status":"publish","type":"page","link":"https:\/\/enki-coaching.com\/fr\/coaching-services\/","title":{"rendered":"Services de Coaching"},"content":{"rendered":"<p>[et_pb_section fb_built=&#8221;1&#8243; fullwidth=&#8221;on&#8221; _builder_version=&#8221;4.13.1&#8243; _module_preset=&#8221;default&#8221; background_enable_image=&#8221;off&#8221; height=&#8221;100vh&#8221; custom_padding=&#8221;||||false|false&#8221; global_colors_info=&#8221;{}&#8221;][et_pb_fullwidth_header title=&#8221;COACHING SERVICES&#8221; header_fullscreen=&#8221;on&#8221; _builder_version=&#8221;4.13.1&#8243; _module_preset=&#8221;default&#8221; title_font_size=&#8221;56px&#8221; content_text_align=&#8221;center&#8221; background_enable_color=&#8221;off&#8221; use_background_color_gradient=&#8221;on&#8221; background_color_gradient_start=&#8221;rgba(0,0,0,0.34)&#8221; background_color_gradient_end=&#8221;rgba(0,0,0,0.47)&#8221; background_image=&#8221;http:\/\/enki-coaching.com\/wp-content\/uploads\/2021\/12\/Enki-Coaching-75-scaled.jpg&#8221; background_blend=&#8221;overlay&#8221; custom_button_one=&#8221;on&#8221; button_one_letter_spacing=&#8221;1px&#8221; button_one_font=&#8221;|||on|||||&#8221; custom_button_two=&#8221;on&#8221; max_width=&#8221;100%&#8221; module_alignment=&#8221;center&#8221; height=&#8221;100vh&#8221; custom_padding=&#8221;||||true|false&#8221; title_font_size_tablet=&#8221;45px&#8221; title_font_size_phone=&#8221;35px&#8221; title_font_size_last_edited=&#8221;on|desktop&#8221; global_colors_info=&#8221;{}&#8221;][\/et_pb_fullwidth_header][\/et_pb_section][et_pb_section fb_built=&#8221;1&#8243; _builder_version=&#8221;4.13.1&#8243; _module_preset=&#8221;default&#8221; background_color=&#8221;#18121e&#8221; locked=&#8221;off&#8221; global_colors_info=&#8221;{}&#8221;][et_pb_row column_structure=&#8221;1_3,1_3,1_3&#8243; _builder_version=&#8221;4.13.1&#8243; _module_preset=&#8221;default&#8221; scroll_fade_enable=&#8221;on&#8221; motion_trigger_start=&#8221;top&#8221; global_colors_info=&#8221;{}&#8221;][et_pb_column type=&#8221;1_3&#8243; _builder_version=&#8221;4.13.1&#8243; _module_preset=&#8221;default&#8221; global_colors_info=&#8221;{}&#8221;][et_pb_text _builder_version=&#8221;4.13.1&#8243; _module_preset=&#8221;default&#8221; header_font=&#8221;|||on|||||&#8221; header_text_align=&#8221;center&#8221; header_3_font=&#8221;Josefin Sans|600||on|||||&#8221; header_3_text_align=&#8221;center&#8221; header_3_text_color=&#8221;#ffffff&#8221; header_3_font_size=&#8221;25px&#8221; use_background_color_gradient=&#8221;on&#8221; background_color_gradient_start=&#8221;rgba(0,0,0,0.55)&#8221; background_color_gradient_end=&#8221;rgba(0,0,0,0.58)&#8221; background_image=&#8221;http:\/\/enki-coaching.com\/wp-content\/uploads\/2021\/12\/Enki-Coaching-70-scaled.jpg&#8221; background_blend=&#8221;overlay&#8221; custom_padding=&#8221;30%||30%||false|false&#8221; hover_transition_delay=&#8221;100ms&#8221; global_colors_info=&#8221;{}&#8221;]<\/p>\n<h3>FREEDIVING<\/h3>\n<h3>COACHING<\/h3>\n<p>[\/et_pb_text][et_pb_text _builder_version=&#8221;4.13.1&#8243; _module_preset=&#8221;default&#8221; text_font=&#8221;Poppins|600|||||||&#8221; text_text_color=&#8221;#FFFFFF&#8221; text_line_height=&#8221;1.3em&#8221; global_colors_info=&#8221;{}&#8221;]<\/p>\n<p style=\"text-align: center;\"><span style=\"font-weight: 400;\">Cours AIDA tous niveaux, de AIDA1 \u00e0 l'Instructeur AIDA.<\/span><\/p>\n<p style=\"text-align: center;\"><span style=\"font-weight: 400;\">Coaching en personne<\/span><\/p>\n<p style=\"text-align: center;\"><span style=\"font-weight: 400;\">Coaching en ligne \u2013 sessions unitaires d'1h<\/span><\/p>\n<p style=\"text-align: center;\"><span style=\"font-weight: 400;\">Coaching en ligne \u2013 programmes long terme (1 mois ou plus)<\/span><\/p>\n<p>[\/et_pb_text][et_pb_button button_url=&#8221;http:\/\/enki-coaching.com\/coaching-services\/freediving-coaching\/&#8221; button_text=&#8221;MORE INFO&#8221; button_alignment=&#8221;center&#8221; _builder_version=&#8221;4.13.1&#8243; _module_preset=&#8221;default&#8221; custom_button=&#8221;on&#8221; button_text_size=&#8221;16px&#8221; button_text_color=&#8221;#eac67a&#8221; button_bg_color=&#8221;#984843&#8243; button_border_width=&#8221;2px&#8221; button_border_color=&#8221;RGBA(0,0,0,0)&#8221; button_border_radius=&#8221;100px&#8221; button_letter_spacing=&#8221;2px&#8221; button_font=&#8221;Poppins|600||on|||||&#8221; background_layout=&#8221;dark&#8221; global_colors_info=&#8221;{}&#8221;][\/et_pb_button][\/et_pb_column][et_pb_column type=&#8221;1_3&#8243; _builder_version=&#8221;4.13.1&#8243; _module_preset=&#8221;default&#8221; global_colors_info=&#8221;{}&#8221;][et_pb_text _builder_version=&#8221;4.13.1&#8243; _module_preset=&#8221;default&#8221; header_font=&#8221;|||on|||||&#8221; header_text_align=&#8221;center&#8221; header_3_font=&#8221;Josefin Sans|600||on|||||&#8221; header_3_text_align=&#8221;center&#8221; header_3_text_color=&#8221;#ffffff&#8221; header_3_font_size=&#8221;25px&#8221; use_background_color_gradient=&#8221;on&#8221; background_color_gradient_start=&#8221;rgba(0,0,0,0.55)&#8221; background_color_gradient_end=&#8221;rgba(0,0,0,0.58)&#8221; background_image=&#8221;http:\/\/enki-coaching.com\/wp-content\/uploads\/2021\/12\/Enki-Coaching-83-scaled.jpg&#8221; background_blend=&#8221;overlay&#8221; custom_padding=&#8221;30%||30%||false|false&#8221; scroll_fade_enable=&#8221;on&#8221; global_colors_info=&#8221;{}&#8221;]<\/p>\n<h3>PREPARATION MENTALE<\/h3>\n<h3>COACHING<\/h3>\n<p>[\/et_pb_text][et_pb_text _builder_version=&#8221;4.13.1&#8243; _module_preset=&#8221;default&#8221; text_font=&#8221;Poppins|600|||||||&#8221; text_text_color=&#8221;#FFFFFF&#8221; text_line_height=&#8221;1.3em&#8221; global_colors_info=&#8221;{}&#8221;]<\/p>\n<p style=\"text-align: center;\"><span style=\"font-weight: 400;\">Pour sportifs individuels ou \u00e9quipes.\u00a0<\/span><\/p>\n<p style=\"text-align: center;\"><span style=\"font-weight: 400;\">En personne ou en ligne.<\/span><\/p>\n<p style=\"text-align: center;\"><span style=\"font-weight: 400;\">D\u00e9finition d'objectifs, motivation, anxi\u00e9t\u00e9 face \u00e0 la performance, stress de comp\u00e9tition, g\u00e9rer la d\u00e9faite ou les blessures, visualisation, ancrage, discours int\u00e9rieur, auto-sabotage, focus, flow, peur de rater\/r\u00e9ussir...<\/span><\/p>\n<p>[\/et_pb_text][et_pb_button button_url=&#8221;http:\/\/enki-coaching.com\/coaching-services\/sports-mental-coaching\/&#8221; button_text=&#8221;MORE INFO&#8221; button_alignment=&#8221;center&#8221; _builder_version=&#8221;4.13.1&#8243; _module_preset=&#8221;default&#8221; custom_button=&#8221;on&#8221; button_text_size=&#8221;16px&#8221; button_text_color=&#8221;#eac67a&#8221; button_bg_color=&#8221;#984843&#8243; button_border_width=&#8221;2px&#8221; button_border_color=&#8221;RGBA(0,0,0,0)&#8221; button_border_radius=&#8221;100px&#8221; button_letter_spacing=&#8221;2px&#8221; button_font=&#8221;Poppins|600||on|||||&#8221; background_layout=&#8221;dark&#8221; global_colors_info=&#8221;{}&#8221;][\/et_pb_button][\/et_pb_column][et_pb_column type=&#8221;1_3&#8243; _builder_version=&#8221;4.13.1&#8243; _module_preset=&#8221;default&#8221; global_colors_info=&#8221;{}&#8221;][et_pb_text _builder_version=&#8221;4.13.1&#8243; _module_preset=&#8221;default&#8221; header_font=&#8221;|||on|||||&#8221; header_text_align=&#8221;center&#8221; header_3_font=&#8221;Josefin Sans|600||on|||||&#8221; header_3_text_align=&#8221;center&#8221; header_3_text_color=&#8221;#ffffff&#8221; header_3_font_size=&#8221;25px&#8221; use_background_color_gradient=&#8221;on&#8221; background_color_gradient_start=&#8221;rgba(0,0,0,0.55)&#8221; background_color_gradient_end=&#8221;rgba(0,0,0,0.58)&#8221; background_image=&#8221;http:\/\/enki-coaching.com\/wp-content\/uploads\/2021\/12\/Enki-Coaching-74-scaled.jpg&#8221; background_blend=&#8221;overlay&#8221; custom_padding=&#8221;30%||30%||false|false&#8221; scroll_fade_enable=&#8221;on&#8221; global_colors_info=&#8221;{}&#8221;]<\/p>\n<h3>CORPORATE<\/h3>\n<h3>COACHING<\/h3>\n<p>[\/et_pb_text][et_pb_text _builder_version=&#8221;4.13.1&#8243; _module_preset=&#8221;default&#8221; text_font=&#8221;Poppins|600|||||||&#8221; text_text_color=&#8221;#FFFFFF&#8221; text_line_height=&#8221;1.3em&#8221; global_colors_info=&#8221;{}&#8221;]<\/p>\n<p style=\"text-align: center;\"><span style=\"font-weight: 400;\">Conf\u00e9rences et ateliers sur la gestion du stress, la d\u00e9finition d'objectifs et la performance : ce que j'ai appris pendant 10 ans en tant qu'apn\u00e9iste comp\u00e9titrice de haut niveau.<\/span><\/p>\n<p style=\"text-align: center;\"><span style=\"font-weight: 400;\">Sessions par groupe ou en individuel : outils et techniques pratiques pour la gestion du stress et une meilleure confiance en soi pour la performance au travail. <\/span><\/p>\n<p>[\/et_pb_text][et_pb_button button_url=&#8221;http:\/\/enki-coaching.com\/coaching-services\/corporate-personal-coaching\/&#8221; button_text=&#8221;MORE INFO&#8221; button_alignment=&#8221;center&#8221; _builder_version=&#8221;4.13.1&#8243; _module_preset=&#8221;default&#8221; custom_button=&#8221;on&#8221; button_text_size=&#8221;16px&#8221; button_text_color=&#8221;#eac67a&#8221; button_bg_color=&#8221;#984843&#8243; button_border_width=&#8221;2px&#8221; button_border_color=&#8221;RGBA(0,0,0,0)&#8221; button_border_radius=&#8221;100px&#8221; button_letter_spacing=&#8221;2px&#8221; button_font=&#8221;Poppins|600||on|||||&#8221; background_layout=&#8221;dark&#8221; global_colors_info=&#8221;{}&#8221;][\/et_pb_button][\/et_pb_column][\/et_pb_row][\/et_pb_section][et_pb_section fb_built=&#8221;1&#8243; _builder_version=&#8221;4.13.1&#8243; _module_preset=&#8221;default&#8221; background_color=&#8221;#18121e&#8221; locked=&#8221;off&#8221; global_colors_info=&#8221;{}&#8221;][et_pb_row _builder_version=&#8221;4.13.1&#8243; _module_preset=&#8221;default&#8221; custom_padding=&#8221;0px||||false|false&#8221; scroll_fade_enable=&#8221;on&#8221; motion_trigger_start=&#8221;top&#8221; global_colors_info=&#8221;{}&#8221;][et_pb_column type=&#8221;4_4&#8243; _builder_version=&#8221;4.13.1&#8243; _module_preset=&#8221;default&#8221; global_colors_info=&#8221;{}&#8221;][et_pb_text _builder_version=&#8221;4.13.1&#8243; _module_preset=&#8221;default&#8221; text_font=&#8221;Poppins|600|||||||&#8221; text_text_color=&#8221;#FFFFFF&#8221; text_font_size=&#8221;18px&#8221; text_line_height=&#8221;1.5em&#8221; motion_trigger_start=&#8221;top&#8221; text_font_size_tablet=&#8221;16px&#8221; text_font_size_phone=&#8221;14px&#8221; text_font_size_last_edited=&#8221;on|phone&#8221; global_colors_info=&#8221;{}&#8221;]<\/p>\n<p><span style=\"font-weight: 400;\">Je vous propose une gamme de services de coaching mental : des athl\u00e8tes individuels aux \u00e9quipes de sportifs qui veulent d\u00e9velopper un mental \u00e0 toute \u00e9preuve ou travailler la pr\u00e9paration mentale en vue de comp\u00e9titions, aux entreprises s'int\u00e9ressant \u00e0 la gestion du stress, l'am\u00e9lioration des performances, ou encore les particuliers traversant de gros changements de vie et cherchant par exemple \u00e0 \u00eatre guid\u00e9s pour la d\u00e9finition d'objectifs ou la gestion de l'anxi\u00e9t\u00e9.<\/span><\/p>\n<p><span style=\"font-weight: 400;\">Nous pouvons travailler ensemble soit en personne soit \u00e0 distance, depuis des sessions unitaires individuelles pour travailler sur un probl\u00e8me particulier, \u00e0 des programmes de suivi de coaching \u00e0 long terme, toutes les options sont possibles. <\/span><\/p>\n<p><span style=\"font-weight: 400;\">Contactez-moi pour papoter 30 minutes (gratuitement), histoire de discuter de vos objectifs et de vos besoins, voir si le feeling passe et si nous pourrions former une bonne \u00e9quipe coach-coach\u00e9 !<\/span><\/p>\n<p>[\/et_pb_text][et_pb_button button_url=&#8221;https:\/\/calendly.com\/lilycrespy\/30min&#8221; button_text=&#8221;Book your free call&#8221; button_alignment=&#8221;center&#8221; _builder_version=&#8221;4.13.1&#8243; _module_preset=&#8221;default&#8221; custom_button=&#8221;on&#8221; button_text_size=&#8221;16px&#8221; button_text_color=&#8221;#eac67a&#8221; button_bg_color=&#8221;#984843&#8243; button_border_width=&#8221;2px&#8221; button_border_color=&#8221;RGBA(0,0,0,0)&#8221; button_border_radius=&#8221;100px&#8221; button_letter_spacing=&#8221;2px&#8221; button_font=&#8221;Poppins|600||on|||||&#8221; background_layout=&#8221;dark&#8221; scroll_fade_enable=&#8221;on&#8221; hover_enabled=&#8221;0&#8243; locked=&#8221;off&#8221; global_colors_info=&#8221;{}&#8221; url_new_window=&#8221;on&#8221; sticky_enabled=&#8221;0&#8243;][\/et_pb_button][\/et_pb_column][\/et_pb_row][\/et_pb_section]<\/p>","protected":false},"excerpt":{"rendered":"<p>FREEDIVING COACHINGAll AIDA course levels from AIDA1 to AIDA Instructor In-person coaching Online coaching &#8211; individual 1h sessions Online coaching- long-term coaching programs (1 month or more)SPORTS MENTAL COACHINGFor teams or individuals.\u00a0 In-person or online. Goal-setting, motivation, performance anxiety, competition nerves, dealing with failure or injury, visualization, anchoring, inner-talk, self-sabotage, focus and flow-state, fear of [&hellip;]<\/p>","protected":false},"author":1,"featured_media":0,"parent":0,"menu_order":0,"comment_status":"closed","ping_status":"closed","template":"","meta":{"_et_pb_use_builder":"on","_et_pb_old_content":"","_et_gb_content_width":"","footnotes":""},"_links":{"self":[{"href":"https:\/\/enki-coaching.com\/fr\/wp-json\/wp\/v2\/pages\/71"}],"collection":[{"href":"https:\/\/enki-coaching.com\/fr\/wp-json\/wp\/v2\/pages"}],"about":[{"href":"https:\/\/enki-coaching.com\/fr\/wp-json\/wp\/v2\/types\/page"}],"author":[{"embeddable":true,"href":"https:\/\/enki-coaching.com\/fr\/wp-json\/wp\/v2\/users\/1"}],"replies":[{"embeddable":true,"href":"https:\/\/enki-coaching.com\/fr\/wp-json\/wp\/v2\/comments?post=71"}],"version-history":[{"count":21,"href":"https:\/\/enki-coaching.com\/fr\/wp-json\/wp\/v2\/pages\/71\/revisions"}],"predecessor-version":[{"id":464,"href":"https:\/\/enki-coaching.com\/fr\/wp-json\/wp\/v2\/pages\/71\/revisions\/464"}],"wp:attachment":[{"href":"https:\/\/enki-coaching.com\/fr\/wp-json\/wp\/v2\/media?parent=71"}],"curies":[{"name":"wp","href":"https:\/\/api.w.org\/{rel}","templated":true}]}}